{"id":296,"date":"2024-08-10T16:27:26","date_gmt":"2024-08-10T16:27:26","guid":{"rendered":"https:\/\/new.greenpharma.lv\/?post_type=product&#038;p=296"},"modified":"2025-12-02T00:09:31","modified_gmt":"2025-12-01T21:09:31","slug":"seidiferty-spermactiv","status":"publish","type":"product","link":"https:\/\/greenpharma.lv\/en\/produkti\/seidiferty-spermactiv\/","title":{"rendered":"SEIDIFERTY SPERMACTIV"},"content":{"rendered":"<div id=\"product_description_toggler\"><a id=\"apraksts_link\" class=\"active_link\"><\/a>Description<a id=\"sastavs_link\"><\/a>Ingredients<a id=\"lietosana_link\"><\/a>Usage<\/div>\n<div id=\"Apraksts\" class=\"active_description\">\n<p>SEIDIFERTY SPERMACTIV contains L-Carnitine - 750mg, Coenzyme Q10 - 150mg, Lycopene - 8mg, Vitamin C and Selenium, which contribute to normal spermatogenesis.<strong>Recommended:<\/strong><\/p>\n<ul>\n<li>Oligospermia\/idiopathic male subfertility (mild to moderate).<\/li>\n<li>In cases of sperm motility, morphology or concentration disorders.<\/li>\n<li>Nutritional support for men, using a professional holistic approach, for couples seeking family growth and undergoing assisted reproduction.<\/li>\n<\/ul>\n<p><strong>Benefits:<\/strong><\/p>\n<ul>\n<li>Helps improve sperm morphology: \"CoQ10 and \u03c9-3 were close to critical statistical significance compared to placebo, but only L-carnitine was shown to have a statistically significant effect on treatment (...) There is no doubt that L-carnitine has the best therapeutic effect on sperm morphology\"<\/li>\n<li>Helps improve sperm motility and sperm concentration: \"Although CoQ10 did not rank first in the four aspects of sperm parameters in this study, CoQ10 has obvious therapeutic effects on sperm motility and sperm concentration. Based on our results, CoQ10 could be a good choice for idiopathic male infertility1 . Oral lycopene therapy has a role in the treatment of idiopathic male infertility. The greatest benefit was observed in improving sperm concentration (66% of cases). In patients without severe oligospermia (sperm density &gt;5 million\/ml), a trial of lycopene therapy can be performed.\"<\/li>\n<li>Promotes normal spermatogenesis. Selenium and vitamin C protect DNA, proteins and lipids from oxidative damage.<\/li>\n<\/ul>\n<p>&nbsp;<\/p>\n<p>Manufacturer: SEID S.A., Carretera de Sabadell a Granollers Km 15 08185 Lli\u00e7\u00e0 de Vall, Barcelona, Spain. The company specialises in infertility treatments and various gynaecological products.<\/p>\n<p><em>Product registered in the PVD system under No 16273 |\u00a0 <a href=\"https:\/\/registri.pvd.gov.lv\/ub\/dati?name=spermactiv\" target=\"_blank\" rel=\"noopener noreferrer\">https:\/\/registri.pvd.gov.lv\/ub\/dati?name=spermactiv<\/a>\u00a0\u00a0<a href=\"http:\/\/mimic.pvd.gov.lv\/food_admin\/mark\/9971.html?201611141046989\"><img loading=\"lazy\" decoding=\"async\" class=\"alignnone wp-image-16\" src=\"https:\/\/www.greenpharma.lv\/gp-cont\/uploads\/2017\/02\/PVD_Logo-300x201.jpg\" alt=\"\" width=\"79\" height=\"53\" \/><\/a><\/em><\/p>\n<\/div>\n<div id=\"Sastavs\">\n<p><img loading=\"lazy\" decoding=\"async\" class=\"alignnone wp-image-15202\" src=\"http:\/\/www.dev.greenpharma.lv\/gp-cont\/uploads\/2024\/08\/Seidiferty-Spermactiv.png\" alt=\"\" width=\"809\" height=\"182\" \/><\/p>\n<p><b>Ingredients:<\/b><span style=\"font-weight: 400;\"> L - Carnitine Tartrate, Coenzyme Q10, L - Ascorbic Acid (Vitamin C), <\/span><span style=\"font-weight: 400;\">bulking agents (mannitol, microcrystalline cellulose, sodium carboxymethylcellulose), lycopene, flavour enhancers, sweeteners<\/span><span style=\"font-weight: 400;\"> (sucralose, sodium cyclamate and saccharin), sodium selenate\u00a0<\/span><\/p>\n<p><span style=\"font-weight: 400;\">Do not exceed the recommended daily dose. Do not use the supplement as a substitute for a complete and balanced diet. The food supplement is intended to complement a varied and balanced diet in combination with a healthy lifestyle. Not suitable for use in children and pregnant women. Keep out of the reach of children at a temperature not exceeding +25 \u00b0C.<\/span><\/p>\n<\/div>\n<div id=\"Lietosana\">\n<p><b>Usage<\/b><span style=\"font-weight: 400;\">: Take 1 sachet in the evening before bed, dissolved in a glass of water (150ml). <\/span><\/p>\n<p>Do not exceed the recommended daily dose. Do not use the supplement as a substitute for a complete and balanced diet. The food supplement is intended to complement a varied and balanced diet in combination with a healthy lifestyle. Not suitable for use in children under 18 years of age. Keep out of the reach of children at a temperature not exceeding +25 \u00b0C.<\/p>\n<p>A food supplement is not a substitute for a complete and balanced diet.<\/p>\n<\/div>","protected":false},"excerpt":{"rendered":"<p>SEIDIFERTY SPERMACTIV ir uztura bag\u0101tin\u0101t\u0101js <strong>v\u012brie\u0161iem<\/strong>, kas veicina norm\u0101lu spermoto\u0123en\u0113zi. Seidiferty ie\u0146em absol\u016btu vado\u0161o poz\u012bciju Sp\u0101nijas v\u012brie\u0161u augl\u012bbas uzlabo\u0161anas produktu tirg\u016b. Tas uzlabo spermas kvalit\u0101ti, radot liel\u0101ku p\u0101rliec\u012bbu par pozit\u012bvu rezult\u0101tu gan pacientiem, gan \u0101rstiem (augl\u012bbas kl\u012bnik\u0101m un andrologiem).<\/p>\n<p><strong>Seidiferty 30 paci\u0146as<\/strong><\/p>","protected":false},"featured_media":315,"template":"","meta":[],"product_brand":[],"product_cat":[33],"product_tag":[],"class_list":{"0":"post-296","1":"product","2":"type-product","3":"status-publish","4":"has-post-thumbnail","6":"product_cat-viriesiem","8":"first","9":"instock","10":"featured","11":"taxable","12":"shipping-taxable","13":"purchasable","14":"product-type-simple"},"_links":{"self":[{"href":"https:\/\/greenpharma.lv\/en\/wp-json\/wp\/v2\/product\/296","targetHints":{"allow":["GET"]}}],"collection":[{"href":"https:\/\/greenpharma.lv\/en\/wp-json\/wp\/v2\/product"}],"about":[{"href":"https:\/\/greenpharma.lv\/en\/wp-json\/wp\/v2\/types\/product"}],"wp:featuredmedia":[{"embeddable":true,"href":"https:\/\/greenpharma.lv\/en\/wp-json\/wp\/v2\/media\/315"}],"wp:attachment":[{"href":"https:\/\/greenpharma.lv\/en\/wp-json\/wp\/v2\/media?parent=296"}],"wp:term":[{"taxonomy":"product_brand","embeddable":true,"href":"https:\/\/greenpharma.lv\/en\/wp-json\/wp\/v2\/product_brand?post=296"},{"taxonomy":"product_cat","embeddable":true,"href":"https:\/\/greenpharma.lv\/en\/wp-json\/wp\/v2\/product_cat?post=296"},{"taxonomy":"product_tag","embeddable":true,"href":"https:\/\/greenpharma.lv\/en\/wp-json\/wp\/v2\/product_tag?post=296"}],"curies":[{"name":"wp","href":"https:\/\/api.w.org\/{rel}","templated":true}]}}