{"id":436,"date":"2024-09-18T00:45:31","date_gmt":"2024-09-17T21:45:31","guid":{"rendered":"https:\/\/new.greenpharma.lv\/?page_id=436"},"modified":"2024-10-29T02:36:10","modified_gmt":"2024-10-28T23:36:10","slug":"436-2","status":"publish","type":"page","link":"https:\/\/greenpharma.lv\/en\/","title":{"rendered":"S\u0101kumlapa"},"content":{"rendered":"<div class=\"wp-block-group has-base-2-background-color has-background has-global-padding is-layout-constrained wp-container-core-group-is-layout-ae002d71 wp-block-group-is-layout-constrained\" style=\"padding-top:0;padding-right:var(--wp--preset--spacing--50);padding-bottom:0;padding-left:var(--wp--preset--spacing--50)\"><div data-alt=\"Seidivid\" data-block-name=\"woocommerce\/featured-product\" data-dim-ratio=\"0\" data-edit-mode=\"false\" data-focal-point=\"{&quot;x&quot;:0,&quot;y&quot;:0.5}\" data-image-fit=\"cover\" data-product-id=\"294\" data-show-price=\"false\" data-style=\"{&quot;spacing&quot;:{&quot;padding&quot;:{&quot;top&quot;:&quot;0&quot;,&quot;bottom&quot;:&quot;0&quot;,&quot;left&quot;:&quot;0&quot;,&quot;right&quot;:&quot;0&quot;}},&quot;elements&quot;:{&quot;link&quot;:{&quot;color&quot;:{&quot;text&quot;:&quot;var:preset|color|contrast&quot;}}}}\" data-text-color=\"contrast\" class=\"wc-block-featured-product alignnone has-text-color has-contrast-color otrais wp-elements-2c0812150e59bf573df3a0eb1055bbb0 wp-block-woocommerce-featured-product\" style=\"min-height:500px;padding-top:0;padding-bottom:0;padding-left:0;padding-right:0;\"><div class=\"wc-block-featured-product__wrapper\"><div class=\"background-dim__overlay\" style=\"background-color: #000000\"><\/div><img decoding=\"async\" alt=\"Seidivid\" class=\"wc-block-featured-product__background-image\" src=\"https:\/\/greenpharma.lv\/wp-content\/uploads\/2024\/08\/SEIDIVID-FERTY4-jaunums-2.png?wsr\" style=\"object-fit: cover;object-position: 0% 50%;\" \/><h2 class=\"wc-block-featured-product__title\">Seidivid Ferty4\u00ae<\/h2><div class=\"wc-block-featured-product__description\"><p>SEIDIVID FERTY4\u00ae is a dietary supplement for women. It contains four important groups of ingredients that are vital during pregnancy planning.<\/p>\n<p><strong>SEIDIVID FERTY4\u00ae pack contains 30 capsules - 1\/2 month pack.<\/strong><\/p>\n<\/div><div class=\"wc-block-featured-product__inner-blocks\">\n\n<div class=\"wp-block-buttons is-content-justification-center is-layout-flex wp-container-core-buttons-is-layout-a89b3969 wp-block-buttons-is-layout-flex\">\n<div class=\"wp-block-button has-custom-width wp-block-button__width-100\"><a class=\"wp-block-button__link wp-element-button\" href=\"https:\/\/greenpharma.lv\/en\/produkti\/seidivid-ferty4-2\/\">Shop now<\/a><\/div>\n<\/div>\n\n<\/div><\/div><\/div><\/div>\n\n\n\n<div class=\"wp-block-group alignfull no_overflow has-base-2-background-color has-background has-global-padding is-layout-constrained wp-container-core-group-is-layout-4062b888 wp-block-group-is-layout-constrained\" style=\"padding-top:var(--wp--preset--spacing--20);padding-right:var(--wp--preset--spacing--50);padding-bottom:var(--wp--preset--spacing--20);padding-left:var(--wp--preset--spacing--50)\">\n<div class=\"nav-link\" id=\"Produkti\"><\/div>\n\n\n\n<h2 class=\"wp-block-heading\">Supplements<\/h2>\n\n\n\n<h3 class=\"wp-block-heading\">For women<\/h3>\n\n\n<div class=\"carousel-slider-outer carousel-slider-outer-product-carousel carousel-slider-outer-428\" style=\"--carousel-slider-nav-color:rgb(54,56,57);--carousel-slider-active-nav-color:rgb(54,56,57);--carousel-slider-arrow-size:48px;--carousel-slider-bullet-size:10px;--cs-product-primary:rgb(255,255,255);--cs-product-on-primary:#363839;--cs-product-text:rgb(54,56,57)\">\n<div id=\"&#039;id-428\" class=\"carousel-slider carousel-slider-428 arrows-visibility-always dots-visibility-never arrows-outside dots-center dots-circle owl-carousel\" data-slide-type=\"product-carousel\" data-owl-settings='{\"nav\":true,\"dots\":false,\"slideBy\":2,\"stagePadding\":0,\"margin\":10,\"loop\":false,\"lazyLoad\":false,\"autoplay\":false,\"autoplayTimeout\":5000,\"autoplaySpeed\":500,\"autoplayHoverPause\":false,\"autoWidth\":false,\"responsive\":{\"300\":{\"items\":2},\"576\":{\"items\":3},\"768\":{\"items\":3},\"1024\":{\"items\":4},\"1280\":{\"items\":4},\"1536\":{\"items\":4}}}'>\n<div class=\"product carousel-slider__product\"><a class=\"woocommerce-LoopProduct-link\" href=\"https:\/\/greenpharma.lv\/en\/produkti\/seidivid-plus\/\"><img loading=\"lazy\" decoding=\"async\" width=\"150\" height=\"150\" src=\"https:\/\/greenpharma.lv\/wp-content\/uploads\/2024\/08\/SEIDIVID-PLUS-jaunums-150x150.png?wsr\" class=\"attachment-thumbnail size-thumbnail\" alt=\"Seidivid Plus\" srcset=\"https:\/\/greenpharma.lv\/wp-content\/uploads\/2024\/08\/SEIDIVID-PLUS-jaunums-150x150.png 150w, https:\/\/greenpharma.lv\/wp-content\/uploads\/2024\/08\/SEIDIVID-PLUS-jaunums-500x500.png 500w, https:\/\/greenpharma.lv\/wp-content\/uploads\/2024\/08\/SEIDIVID-PLUS-jaunums-100x100.png 100w, https:\/\/greenpharma.lv\/wp-content\/uploads\/2024\/08\/SEIDIVID-PLUS-jaunums-66x66.png 66w, https:\/\/greenpharma.lv\/wp-content\/uploads\/2024\/08\/SEIDIVID-PLUS-jaunums-324x324.png 324w\" sizes=\"auto, (max-width: 150px) 100vw, 150px\" \/><\/a><a href=\"https:\/\/greenpharma.lv\/en\/produkti\/seidivid-plus\/\"><h3 class=\"woocommerce-loop-product__title\">Seidivid Plus<\/h3><\/a><span class=\"price\"><del aria-hidden=\"true\"><span class=\"woocommerce-Price-amount amount\"><bdi>21,95&nbsp;<span class=\"woocommerce-Price-currencySymbol\">&euro;<\/span><\/bdi><\/span><\/del> <span class=\"screen-reader-text\" data-no-translation=\"\" data-trp-gettext=\"\">Original price was: 21,95&nbsp;&euro;.<\/span><ins aria-hidden=\"true\"><span class=\"woocommerce-Price-amount amount\"><bdi>17,56&nbsp;<span class=\"woocommerce-Price-currencySymbol\">&euro;<\/span><\/bdi><\/span><\/ins><span class=\"screen-reader-text\" data-no-translation=\"\" data-trp-gettext=\"\">Current price is: 17,56&nbsp;&euro;.<\/span><\/span><div style=\"clear: both;\"><\/div><a href=\"\/en\/wp-json\/wp\/v2\/pages\/436?add-to-cart=295\" aria-describedby=\"woocommerce_loop_add_to_cart_link_describedby_295\" data-quantity=\"1\" class=\"button wp-element-button product_type_simple add_to_cart_button ajax_add_to_cart\" data-product_id=\"295\" data-product_sku=\"\" aria-label=\"Add to cart\" rel=\"nofollow\" data-success_message=\"\u201cSeidivid Plus\u201d has been added to your cart\" role=\"button\" data-no-translation=\"\" data-trp-gettext=\"\" data-no-translation-aria-label=\"\" data-no-translation-data-success_message=\"\">Add to cart<\/a>\t<span id=\"woocommerce_loop_add_to_cart_link_describedby_295\" class=\"screen-reader-text\">\n\t\t\t<\/span>\n<\/div><div class=\"product carousel-slider__product\"><a class=\"woocommerce-LoopProduct-link\" href=\"https:\/\/greenpharma.lv\/en\/produkti\/seidibion-30\/\"><img loading=\"lazy\" decoding=\"async\" width=\"150\" height=\"150\" src=\"https:\/\/greenpharma.lv\/wp-content\/uploads\/2024\/08\/Seidibion_30-150x150.png?wsr\" class=\"attachment-thumbnail size-thumbnail\" alt=\"Seidibion 30\" srcset=\"https:\/\/greenpharma.lv\/wp-content\/uploads\/2024\/08\/Seidibion_30-150x150.png 150w, https:\/\/greenpharma.lv\/wp-content\/uploads\/2024\/08\/Seidibion_30-500x500.png 500w, https:\/\/greenpharma.lv\/wp-content\/uploads\/2024\/08\/Seidibion_30-100x100.png 100w, https:\/\/greenpharma.lv\/wp-content\/uploads\/2024\/08\/Seidibion_30-66x66.png 66w, https:\/\/greenpharma.lv\/wp-content\/uploads\/2024\/08\/Seidibion_30-324x324.png 324w\" sizes=\"auto, (max-width: 150px) 100vw, 150px\" \/><\/a><a href=\"https:\/\/greenpharma.lv\/en\/produkti\/seidibion-30\/\"><h3 class=\"woocommerce-loop-product__title\">Seidibion 30<\/h3><\/a><span class=\"price\"><del aria-hidden=\"true\"><span class=\"woocommerce-Price-amount amount\"><bdi>17,55&nbsp;<span class=\"woocommerce-Price-currencySymbol\">&euro;<\/span><\/bdi><\/span><\/del> <span class=\"screen-reader-text\" data-no-translation=\"\" data-trp-gettext=\"\">Original price was: 17,55&nbsp;&euro;.<\/span><ins aria-hidden=\"true\"><span class=\"woocommerce-Price-amount amount\"><bdi>14,92&nbsp;<span class=\"woocommerce-Price-currencySymbol\">&euro;<\/span><\/bdi><\/span><\/ins><span class=\"screen-reader-text\" data-no-translation=\"\" data-trp-gettext=\"\">Current price is: 14,92&nbsp;&euro;.<\/span><\/span><div style=\"clear: both;\"><\/div><a href=\"\/en\/wp-json\/wp\/v2\/pages\/436?add-to-cart=290\" aria-describedby=\"woocommerce_loop_add_to_cart_link_describedby_290\" data-quantity=\"1\" class=\"button wp-element-button product_type_simple add_to_cart_button ajax_add_to_cart\" data-product_id=\"290\" data-product_sku=\"\" aria-label=\"Add to cart\" rel=\"nofollow\" data-success_message=\"\u201cSeidibion 30\u201d has been added to your cart\" role=\"button\" data-no-translation=\"\" data-trp-gettext=\"\" data-no-translation-aria-label=\"\" data-no-translation-data-success_message=\"\">Add to cart<\/a>\t<span id=\"woocommerce_loop_add_to_cart_link_describedby_290\" class=\"screen-reader-text\">\n\t\t\t<\/span>\n<\/div><div class=\"product carousel-slider__product\"><a class=\"woocommerce-LoopProduct-link\" href=\"https:\/\/greenpharma.lv\/en\/produkti\/seidibion-prime\/\"><img loading=\"lazy\" decoding=\"async\" width=\"150\" height=\"150\" src=\"https:\/\/greenpharma.lv\/wp-content\/uploads\/2024\/08\/Seidibion-prime-150x150.png?wsr\" class=\"attachment-thumbnail size-thumbnail\" alt=\"Seidibion Prime\" srcset=\"https:\/\/greenpharma.lv\/wp-content\/uploads\/2024\/08\/Seidibion-prime-150x150.png 150w, https:\/\/greenpharma.lv\/wp-content\/uploads\/2024\/08\/Seidibion-prime-500x500.png 500w, https:\/\/greenpharma.lv\/wp-content\/uploads\/2024\/08\/Seidibion-prime-100x100.png 100w, https:\/\/greenpharma.lv\/wp-content\/uploads\/2024\/08\/Seidibion-prime-66x66.png 66w, https:\/\/greenpharma.lv\/wp-content\/uploads\/2024\/08\/Seidibion-prime-324x324.png 324w\" sizes=\"auto, (max-width: 150px) 100vw, 150px\" \/><\/a><a href=\"https:\/\/greenpharma.lv\/en\/produkti\/seidibion-prime\/\"><h3 class=\"woocommerce-loop-product__title\">Seidibion Prime<\/h3><\/a><span class=\"price\"><span class=\"woocommerce-Price-amount amount\"><bdi>27,25&nbsp;<span class=\"woocommerce-Price-currencySymbol\">&euro;<\/span><\/bdi><\/span><\/span><div style=\"clear: both;\"><\/div><a href=\"\/en\/wp-json\/wp\/v2\/pages\/436?add-to-cart=291\" aria-describedby=\"woocommerce_loop_add_to_cart_link_describedby_291\" data-quantity=\"1\" class=\"button wp-element-button product_type_simple add_to_cart_button ajax_add_to_cart\" data-product_id=\"291\" data-product_sku=\"\" aria-label=\"Add to cart\" rel=\"nofollow\" data-success_message=\"\u201cSeidibion Prime\u201d has been added to your cart\" role=\"button\" data-no-translation=\"\" data-trp-gettext=\"\" data-no-translation-aria-label=\"\" data-no-translation-data-success_message=\"\">Add to cart<\/a>\t<span id=\"woocommerce_loop_add_to_cart_link_describedby_291\" class=\"screen-reader-text\">\n\t\t\t<\/span>\n<\/div><div class=\"product carousel-slider__product\"><a class=\"woocommerce-LoopProduct-link\" href=\"https:\/\/greenpharma.lv\/en\/produkti\/seidivid-ferty4-2\/\"><img loading=\"lazy\" decoding=\"async\" width=\"150\" height=\"150\" src=\"https:\/\/greenpharma.lv\/wp-content\/uploads\/2024\/08\/SEIDIVID-FERTY4-jaunums-2-150x150.png?wsr\" class=\"attachment-thumbnail size-thumbnail\" alt=\"Seidivid Ferty4\u00ae\" srcset=\"https:\/\/greenpharma.lv\/wp-content\/uploads\/2024\/08\/SEIDIVID-FERTY4-jaunums-2-150x150.png 150w, https:\/\/greenpharma.lv\/wp-content\/uploads\/2024\/08\/SEIDIVID-FERTY4-jaunums-2-500x500.png 500w, https:\/\/greenpharma.lv\/wp-content\/uploads\/2024\/08\/SEIDIVID-FERTY4-jaunums-2-100x100.png 100w, https:\/\/greenpharma.lv\/wp-content\/uploads\/2024\/08\/SEIDIVID-FERTY4-jaunums-2-66x66.png 66w, https:\/\/greenpharma.lv\/wp-content\/uploads\/2024\/08\/SEIDIVID-FERTY4-jaunums-2-324x324.png 324w\" sizes=\"auto, (max-width: 150px) 100vw, 150px\" \/><\/a><a href=\"https:\/\/greenpharma.lv\/en\/produkti\/seidivid-ferty4-2\/\"><h3 class=\"woocommerce-loop-product__title\">Seidivid Ferty4\u00ae<\/h3><\/a><span class=\"price\"><span class=\"woocommerce-Price-amount amount\"><bdi>21,60&nbsp;<span class=\"woocommerce-Price-currencySymbol\">&euro;<\/span><\/bdi><\/span><\/span><div style=\"clear: both;\"><\/div><a href=\"\/en\/wp-json\/wp\/v2\/pages\/436?add-to-cart=294\" aria-describedby=\"woocommerce_loop_add_to_cart_link_describedby_294\" data-quantity=\"1\" class=\"button wp-element-button product_type_simple add_to_cart_button ajax_add_to_cart\" data-product_id=\"294\" data-product_sku=\"\" aria-label=\"Add to cart\" rel=\"nofollow\" data-success_message=\"\u201cSeidivid Ferty4\u00ae\u201d has been added to your cart\" role=\"button\" data-no-translation=\"\" data-trp-gettext=\"\" data-no-translation-aria-label=\"\" data-no-translation-data-success_message=\"\">Add to cart<\/a>\t<span id=\"woocommerce_loop_add_to_cart_link_describedby_294\" class=\"screen-reader-text\">\n\t\t\t<\/span>\n<\/div><\/div><!-- .carousel-slider-428 -->\n<\/div><!-- .carousel-slider-outer-428 -->\n\n\n\n\n<h3 class=\"wp-block-heading\" style=\"margin-top:2rem;margin-bottom:0\">For men<\/h3>\n\n\n<div class=\"carousel-slider-outer carousel-slider-outer-product-carousel carousel-slider-outer-547\" style=\"--carousel-slider-nav-color:rgb(54,56,57);--carousel-slider-active-nav-color:rgb(54,56,57);--carousel-slider-arrow-size:48px;--carousel-slider-bullet-size:10px;--cs-product-primary:rgb(255,255,255);--cs-product-on-primary:rgb(54,56,57);--cs-product-text:rgb(54,56,57)\">\n<div id=\"&#039;id-547\" class=\"carousel-slider carousel-slider-547 arrows-visibility-hover dots-visibility-never arrows-outside dots-center dots-circle owl-carousel\" data-slide-type=\"product-carousel\" data-owl-settings='{\"nav\":true,\"dots\":false,\"slideBy\":2,\"stagePadding\":0,\"margin\":10,\"loop\":false,\"lazyLoad\":false,\"autoplay\":false,\"autoplayTimeout\":5000,\"autoplaySpeed\":500,\"autoplayHoverPause\":false,\"autoWidth\":false,\"responsive\":{\"300\":{\"items\":2},\"576\":{\"items\":3},\"768\":{\"items\":3},\"1024\":{\"items\":4},\"1280\":{\"items\":4},\"1536\":{\"items\":4}}}'>\n<div class=\"product carousel-slider__product\"><a class=\"woocommerce-LoopProduct-link\" href=\"https:\/\/greenpharma.lv\/en\/produkti\/seidiferty-spermactiv\/\"><img loading=\"lazy\" decoding=\"async\" width=\"150\" height=\"150\" src=\"https:\/\/greenpharma.lv\/wp-content\/uploads\/2024\/08\/Seidiferty-Spermactiv-produkts-150x150.png?wsr\" class=\"attachment-thumbnail size-thumbnail\" alt=\"SEIDIFERTY SPERMACTIV\" srcset=\"https:\/\/greenpharma.lv\/wp-content\/uploads\/2024\/08\/Seidiferty-Spermactiv-produkts-150x150.png 150w, https:\/\/greenpharma.lv\/wp-content\/uploads\/2024\/08\/Seidiferty-Spermactiv-produkts-500x500.png 500w, https:\/\/greenpharma.lv\/wp-content\/uploads\/2024\/08\/Seidiferty-Spermactiv-produkts-100x100.png 100w, https:\/\/greenpharma.lv\/wp-content\/uploads\/2024\/08\/Seidiferty-Spermactiv-produkts-66x66.png 66w, https:\/\/greenpharma.lv\/wp-content\/uploads\/2024\/08\/Seidiferty-Spermactiv-produkts-324x324.png 324w\" sizes=\"auto, (max-width: 150px) 100vw, 150px\" \/><\/a><a href=\"https:\/\/greenpharma.lv\/en\/produkti\/seidiferty-spermactiv\/\"><h3 class=\"woocommerce-loop-product__title\">SEIDIFERTY SPERMACTIV<\/h3><\/a><span class=\"price\"><span class=\"woocommerce-Price-amount amount\"><bdi>36,45&nbsp;<span class=\"woocommerce-Price-currencySymbol\">&euro;<\/span><\/bdi><\/span><\/span><div style=\"clear: both;\"><\/div><a href=\"\/en\/wp-json\/wp\/v2\/pages\/436?add-to-cart=296\" aria-describedby=\"woocommerce_loop_add_to_cart_link_describedby_296\" data-quantity=\"1\" class=\"button wp-element-button product_type_simple add_to_cart_button ajax_add_to_cart\" data-product_id=\"296\" data-product_sku=\"\" aria-label=\"Add to cart\" rel=\"nofollow\" data-success_message=\"\u201cSEIDIFERTY SPERMACTIV\u201d has been added to your cart\" role=\"button\" data-no-translation=\"\" data-trp-gettext=\"\" data-no-translation-aria-label=\"\" data-no-translation-data-success_message=\"\">Add to cart<\/a>\t<span id=\"woocommerce_loop_add_to_cart_link_describedby_296\" class=\"screen-reader-text\">\n\t\t\t<\/span>\n<\/div><\/div><!-- .carousel-slider-547 -->\n<\/div><!-- .carousel-slider-outer-547 -->\n\n<\/div>\n\n\n\n<div class=\"wp-block-group alignfull has-global-padding is-layout-constrained wp-block-group-is-layout-constrained\">\n<div class=\"wp-block-columns is-not-stacked-on-mobile is-layout-flex wp-container-core-columns-is-layout-28f84493 wp-block-columns-is-layout-flex\">\n<div class=\"wp-block-column is-layout-flow wp-block-column-is-layout-flow\" style=\"flex-basis:33.33%\">\n<i class=\"fa-solid fa-truck fa-3x\"><\/i>\n<\/div>\n\n\n\n<div class=\"wp-block-column is-vertically-aligned-center is-layout-flow wp-block-column-is-layout-flow\" style=\"flex-basis:66.66%\">\n<p>FREE delivery for orders over 20\u20ac<\/p>\n<\/div>\n<\/div>\n<\/div>\n\n\n\n<div class=\"wp-block-group alignfull has-base-2-background-color has-background has-global-padding is-layout-constrained wp-block-group-is-layout-constrained\" style=\"padding-top:var(--wp--preset--spacing--20);padding-bottom:var(--wp--preset--spacing--20)\">\n<div class=\"nav-link\" id=\"Par-mums\"><\/div>\n\n\n\n<h2 class=\"wp-block-heading\">About Green Pharma<\/h2>\n\n\n\n<p>Green Pharma is the official and only representative of Seidivid and Seidiferty in Latvia. The company's goal is to provide high quality niche health products to help people fulfil their dream of having a family.<\/p>\n\n\n\n<div class=\"wp-block-buttons is-content-justification-right is-layout-flex wp-container-core-buttons-is-layout-d445cf74 wp-block-buttons-is-layout-flex\">\n<div class=\"wp-block-button\"><a class=\"wp-block-button__link wp-element-button\" href=\"https:\/\/greenpharma.lv\/en\/par-mums\/\">Find out more<\/a><\/div>\n<\/div>\n<\/div>\n\n\n\n<div class=\"wp-block-group alignfull has-global-padding is-layout-constrained wp-block-group-is-layout-constrained\" style=\"padding-top:var(--wp--preset--spacing--20);padding-bottom:var(--wp--preset--spacing--20)\">\n<div class=\"nav-link\" id=\"Neauglibas-celoni\"><\/div>\n\n\n\n<h2 class=\"wp-block-heading\">Causes of infertility<\/h2>\n\n\n\n<p>Infertility is defined as not becoming pregnant within a year with regular sexual intercourse.<\/p>\n\n\n\n<div class=\"wp-block-columns is-layout-flex wp-container-core-columns-is-layout-28f84493 wp-block-columns-is-layout-flex\">\n<div class=\"wp-block-column is-layout-flow wp-block-column-is-layout-flow\">\n<h3 class=\"wp-block-heading\">30% are for reasons that affect women:<\/h3>\n\n\n\n<p>Early menopause<br>Endometriosis<br>tubal problems<br>Uterine anomalies<br>Cervical anomalies<br>Ovulation disorders<\/p>\n<\/div>\n\n\n\n<div class=\"wp-block-column is-layout-flow wp-block-column-is-layout-flow\">\n<h3 class=\"wp-block-heading\">30% are for reasons that affect the man<\/h3>\n\n\n\n<p>Testicular changes<br>Congenital obstruction<br>Pathologies of the prostate<br>Erectile dysfunction<br>Changes in semen analysis<\/p>\n<\/div>\n<\/div>\n\n\n\n<div class=\"wp-block-columns is-layout-flex wp-container-core-columns-is-layout-28f84493 wp-block-columns-is-layout-flex\">\n<div class=\"wp-block-column is-layout-flow wp-block-column-is-layout-flow\">\n<h3 class=\"wp-block-heading\">20% are due to unexplained causes<\/h3>\n\n\n\n<p>But this does not mean that there is no reason to talk about infertility, it means that it has not been possible to determine its exact cause.<\/p>\n<\/div>\n\n\n\n<div class=\"wp-block-column is-layout-flow wp-block-column-is-layout-flow\">\n<h3 class=\"wp-block-heading\">20% are mixed or combined causes<\/h3>\n\n\n\n<p>In which both partners can talk about the causes of infertility.<\/p>\n<\/div>\n<\/div>\n<\/div>","protected":false},"excerpt":{"rendered":"<p>Uztura bag\u0101tin\u0101t\u0101ji Sieviet\u0113m V\u012brie\u0161iem Pas\u016bt\u012bjumiem virs 20\u20ac BEZMAKSAS pieg\u0101de Par Green Pharma SIA \u201cGreenPharma\u201d ir ofici\u0101lais un vien\u012bgais produktu Seidivid un Seidiferty p\u0101rst\u0101vis Latvij\u0101. Uz\u0146\u0113muma m\u0113r\u0137is ir nodro\u0161in\u0101t augstas kvalit\u0101tes ni\u0161as produktus vesel\u012bbas uzlabo\u0161anai, lai pal\u012bdz\u0113tu cilv\u0113kiem piepild\u012bt sapni par \u0123imeni. Neaugl\u012bbas C\u0113lo\u0146i Neaugl\u012bba tiek defin\u0113ta k\u0101 saslim\u0161ana, ja pie regul\u0101r\u0101m dzimumattiec\u012bb\u0101m gr\u016btniec\u012bba neiest\u0101jas gada [&hellip;]<\/p>\n","protected":false},"author":1,"featured_media":0,"parent":0,"menu_order":0,"comment_status":"closed","ping_status":"closed","template":"","meta":{"footnotes":""},"class_list":["post-436","page","type-page","status-publish","hentry"],"_links":{"self":[{"href":"https:\/\/greenpharma.lv\/en\/wp-json\/wp\/v2\/pages\/436","targetHints":{"allow":["GET"]}}],"collection":[{"href":"https:\/\/greenpharma.lv\/en\/wp-json\/wp\/v2\/pages"}],"about":[{"href":"https:\/\/greenpharma.lv\/en\/wp-json\/wp\/v2\/types\/page"}],"author":[{"embeddable":true,"href":"https:\/\/greenpharma.lv\/en\/wp-json\/wp\/v2\/users\/1"}],"replies":[{"embeddable":true,"href":"https:\/\/greenpharma.lv\/en\/wp-json\/wp\/v2\/comments?post=436"}],"version-history":[{"count":32,"href":"https:\/\/greenpharma.lv\/en\/wp-json\/wp\/v2\/pages\/436\/revisions"}],"predecessor-version":[{"id":931,"href":"https:\/\/greenpharma.lv\/en\/wp-json\/wp\/v2\/pages\/436\/revisions\/931"}],"wp:attachment":[{"href":"https:\/\/greenpharma.lv\/en\/wp-json\/wp\/v2\/media?parent=436"}],"curies":[{"name":"wp","href":"https:\/\/api.w.org\/{rel}","templated":true}]}}